{"id":20581,"date":"2025-07-31T13:06:28","date_gmt":"2025-07-31T20:06:28","guid":{"rendered":"https:\/\/thereser.org\/reenvisioned-retratos-contemporaneos-de-nuestros-antepasados-negros\/"},"modified":"2025-08-27T10:59:37","modified_gmt":"2025-08-27T17:59:37","slug":"reenvisioned-retratos-contemporaneos-de-nuestros-antepasados-negros","status":"publish","type":"page","link":"https:\/\/thereser.org\/es\/art-gallery\/reenvisioned-retratos-contemporaneos-de-nuestros-antepasados-negros\/","title":{"rendered":"ReEnvisioned: Retratos contempor\u00e1neos de nuestros antepasados negros"},"content":{"rendered":"<p>Bush House Museum, en asociaci\u00f3n con The Reser y la ciudad de Beaverton, presenta la exposici\u00f3n <em>itinerante, ReEnvisioned: Retratos contempor\u00e1neos de nuestros antepasados negros<\/em>, del artista Jeremy Okai Davis. Una convergencia de arte contempor\u00e1neo e historia, cada retrato se combina con informaci\u00f3n hist\u00f3rica sobre la vida y la \u00e9poca de cada persona. Si bien los sujetos de la serie de retratos son habitantes de Oreg\u00f3n, sus historias son universales y relevantes en todo nuestro pa\u00eds.  <\/p>\n<p>Esta exposici\u00f3n aborda espec\u00edficamente la historia y las experiencias de los primeros pioneros negros, cuyas historias de vida son recordatorios necesarios de la resiliencia negra a trav\u00e9s de la opresi\u00f3n colonialista. Cada retrato refleja la perseverancia y la determinaci\u00f3n de estas personas para sobrevivir y prosperar, mientras son oprimidas activamente por el liderazgo y la poblaci\u00f3n blanca de Oreg\u00f3n. El tema de superar la opresi\u00f3n todav\u00eda resuena hoy en d\u00eda mientras continuamos enfrentando el legado profundamente arraigado del racismo sist\u00e9mico en este pa\u00eds.  <\/p>\n<p>Las obras destacadas se exhibir\u00e1n en The Reser y en el 1er piso de The Beaverton Building \/ City Hall.<\/p>\n<h6>Patrocinado por la <a href=\"https:\/\/www.beavertonoregon.gov\/\" target=\"_blank\" rel=\"noopener\">Ciudad de Beaverton<\/a>, el <a href=\"https:\/\/bushhousemuseum.org\/\" target=\"_blank\" rel=\"noopener\">Museo de la Casa Bush<\/a> y la <a href=\"https:\/\/salemart.org\/\" target=\"_blank\" rel=\"noopener\">Asociaci\u00f3n de Arte de Salem<\/a>.<\/h6>\n<h6>Cr\u00e9dito de la foto: Asociaci\u00f3n de Arte de Salem y Jeremy Okai Davis<\/h6>\n<p>&nbsp;<\/p>\n<hr>\n<p>&nbsp;<\/p>\n<p><strong>Sobre el artista de ReEnvisioned:<\/strong><\/p>\n<p>Jeremy Okai Davis naci\u00f3 y creci\u00f3 en Charlotte, Carolina del Norte. M\u00e1s tarde recibi\u00f3 un BFA en pintura de la Universidad de Carolina del Norte (Charlotte, NC). Davis se mud\u00f3 a Portland, Oreg\u00f3n en 2007, donde continu\u00f3 su pr\u00e1ctica de estudio adem\u00e1s de trabajar como dise\u00f1ador gr\u00e1fico e ilustrador. Su trabajo se ha exhibido a nivel nacional en el Studio Museum of Harlem en Nueva York, THIS Los \u00c1ngeles, Wa Na Wari en Seattle y The Rotating Art Program en el Aeropuerto Internacional de Portland. Elizabeth Leach Gallery comenz\u00f3 a representar a Jeremy Okai Davis en 2019.    <\/p>\n<p>El trabajo de Davis reside en colecciones p\u00fablicas y privadas, incluido el Centro Cultural Negro Lonnie B. Harris en la Universidad Estatal de Oreg\u00f3n, la Universidad de Oreg\u00f3n, el Puerto de Portland, el Palacio de Justicia del Condado de Multnomah, la Biblioteca Ledding en Milwaukie, la Biblioteca P\u00fablica de Seaside, el Hospital de Ni\u00f1os Randall en Legacy Emanuel, la Escuela Secundaria Ida B. Wells-Barnett en Portland y Microsoft Corporation en Redmond.  WA.<\/p>\n<p>Sobre la selecci\u00f3n de los temas para ReEnvisioned, Davis ha dicho:<\/p>\n<p>&#8220;Al elegir a Ben Johnson (1834-1901) como uno de los primeros pioneros negros de Oreg\u00f3n en representar, quer\u00eda ver a un hombre de clase trabajadora que se gan\u00f3 el respeto a trav\u00e9s de su ocupaci\u00f3n. Un hombre que pas\u00f3 de ser esclavo a ganar para s\u00ed mismo, adquirir tierras, encontrar una esposa y hacer una vida por s\u00ed mismo en Oreg\u00f3n&#8221;.<\/p>\n<p>&nbsp;<\/p>\n<p><strong>Sobre el curador invitado:<\/strong><\/p>\n<p>Tammy Jo Wilson es una artista, curadora, educadora y organizadora art\u00edstica negra dedicada a crear espacios inclusivos donde el arte sirve como catalizador para la conexi\u00f3n, el di\u00e1logo y el cambio. Con sede en Portland, Oreg\u00f3n, entrelaza su pasi\u00f3n por la defensa, la creatividad y la construcci\u00f3n de comunidades para elevar las voces subrepresentadas, en particular los artistas negros, a trav\u00e9s de exposiciones, programaci\u00f3n y tutor\u00eda. <\/p>\n<p>Wilson se desempe\u00f1a como embajadora de la Iniciativa de Arte y Experiencias Negras en el Museo de Arte de Portland, promoviendo su misi\u00f3n de centrar las voces negras y ampliar el acceso a las artes. Con una maestr\u00eda de la Universidad Estatal de San Jos\u00e9 y una licenciatura en bellas artes del Pacific Northwest College of Art, cofund\u00f3 Art in Oregon, una organizaci\u00f3n estatal sin fines de lucro que fomenta la equidad art\u00edstica y la vitalidad cultural. Ha comisariado numerosas exposiciones, entre ellas Black Matter, una exposici\u00f3n itinerante en curso con artistas negros de Oreg\u00f3n, y Terrain, una exposici\u00f3n de land art que celebra la intersecci\u00f3n del arte y el medio ambiente. Como Directora de Exhibiciones y Programaci\u00f3n del Museo Bush House y Gerente del Programa de Artes Visuales y Tecnolog\u00eda en Lewis &amp; Clark College, trabaja continuamente para ampliar las oportunidades para los artistas mientras remodela las narrativas institucionales en torno al arte y la identidad.   <\/p>\n<p>La propia pr\u00e1ctica art\u00edstica de Wilson se ha exhibido a nivel nacional, con exposiciones individuales recientes en Souvenir Gallery en Portland, Gretchen Schuette Gallery en Salem y Truckenbrod Gallery en Corvallis. A trav\u00e9s de su trabajo, ya sea como artista, curadora u organizadora, busca desafiar los sistemas opresivos, celebrar la resiliencia y fomentar conexiones significativas a trav\u00e9s del arte. <\/p>\n","protected":false},"excerpt":{"rendered":"<p>Bush House Museum, en asociaci\u00f3n con The Reser y la ciudad de Beaverton, presenta la exposici\u00f3n itinerante, ReEnvisioned: Retratos contempor\u00e1neos de nuestros antepasados negros, del artista Jeremy Okai Davis. Una&#8230;<\/p>\n","protected":false},"author":8,"featured_media":20579,"parent":12111,"menu_order":0,"comment_status":"closed","ping_status":"closed","template":"template3.php","meta":{"_acf_changed":false,"_monsterinsights_skip_tracking":false,"_monsterinsights_sitenote_active":false,"_monsterinsights_sitenote_note":"","_monsterinsights_sitenote_category":0,"footnotes":"","_wp_rev_ctl_limit":""},"class_list":["post-20581","page","type-page","status-publish","has-post-thumbnail","hentry"],"acf":[],"_links":{"self":[{"href":"https:\/\/thereser.org\/es\/wp-json\/wp\/v2\/pages\/20581","targetHints":{"allow":["GET"]}}],"collection":[{"href":"https:\/\/thereser.org\/es\/wp-json\/wp\/v2\/pages"}],"about":[{"href":"https:\/\/thereser.org\/es\/wp-json\/wp\/v2\/types\/page"}],"author":[{"embeddable":true,"href":"https:\/\/thereser.org\/es\/wp-json\/wp\/v2\/users\/8"}],"replies":[{"embeddable":true,"href":"https:\/\/thereser.org\/es\/wp-json\/wp\/v2\/comments?post=20581"}],"version-history":[{"count":0,"href":"https:\/\/thereser.org\/es\/wp-json\/wp\/v2\/pages\/20581\/revisions"}],"up":[{"embeddable":true,"href":"https:\/\/thereser.org\/es\/wp-json\/wp\/v2\/pages\/12111"}],"wp:featuredmedia":[{"embeddable":true,"href":"https:\/\/thereser.org\/es\/wp-json\/wp\/v2\/media\/20579"}],"wp:attachment":[{"href":"https:\/\/thereser.org\/es\/wp-json\/wp\/v2\/media?parent=20581"}],"curies":[{"name":"wp","href":"https:\/\/api.w.org\/{rel}","templated":true}]}}